{"id":59,"date":"2025-12-29T15:54:07","date_gmt":"2025-12-29T15:54:07","guid":{"rendered":"https:\/\/www.xn--schlagerfrst-llb.de\/?page_id=59"},"modified":"2026-01-04T15:53:22","modified_gmt":"2026-01-04T15:53:22","slug":"59-2","status":"publish","type":"page","link":"https:\/\/www.xn--schlagerfrst-llb.de\/index.php\/59-2\/","title":{"rendered":"Biographie"},"content":{"rendered":"\n<div class=\"wp-block-group alignfull has-accent-background-color has-background has-global-padding is-layout-constrained wp-container-core-group-is-layout-669513ed wp-block-group-is-layout-constrained\" style=\"margin-top:0;margin-bottom:0;padding-top:var(--wp--preset--spacing--50);padding-right:var(--wp--preset--spacing--50);padding-bottom:var(--wp--preset--spacing--50);padding-left:var(--wp--preset--spacing--50)\">\n<div class=\"wp-block-columns alignwide is-layout-flex wp-container-core-columns-is-layout-1da03c2a wp-block-columns-is-layout-flex\">\n<div class=\"wp-block-column is-vertically-aligned-stretch is-layout-flow wp-block-column-is-layout-flow\" style=\"flex-basis:50%\">\n<div class=\"wp-block-group is-vertical is-content-justification-stretch is-layout-flex wp-container-core-group-is-layout-444d5ee8 wp-block-group-is-layout-flex\" style=\"min-height:100%\">\n<p class=\"has-heading-font-family has-x-large-font-size\" style=\"line-height:1.2\"><strong>Schlagerf\u00fcrst, die Stimme die Herzen bewegt.<\/strong><\/p>\n\n\n\n<p>Geboren in den goldenen 80ern, in Filderstadt wurde Schlagerf\u00fcrst, B\u00fcrgerlich Michael Kern, dass Showbusiness buchst\u00e4blich&nbsp; in die Wiege gelegt. Als Sohn des renommierten Musikers Hans- J\u00fcrgen Kern der bereits mit legenden wie Roy Black, Roberto Blanco und Peter Maffey die B\u00fchnen rockte, war es nur eine frage der Zeit bis Er auch dass Rampenlicht eroberte.<\/p>\n\n\n\n<p>Heute ist Michael Kern nicht nur ein gefeierter Musiker , sondern auch ein gefragter Schauspieler. Mit \u00fcber 200 TV und Medienproduktionen, in Deutschland , \u00d6sterreich und der Schweiz hat er sich als echtes Multitalent etabliert. Ob auf der gro\u00dfen Leinwand oder der Werbekampagne f\u00fcr Top-Marken wie Ergo Versicherung, Arag oder den international Baustoffgiganten Rockwool \u2013 sein Gesicht ist unverkennbar.<\/p>\n\n\n\n<p>Doch seine wahre Leidenschaft geh\u00f6rt der Musik. Geschult von der renommierten Gesangslehrerin <a href=\"https:\/\/www.sandy-campos.com\/\">Sandy Campos\u00a0<\/a> bekannt f\u00fcr Ihren Star Sch\u00fcler Max Giesinger und Gitarren Virtuose <a href=\"https:\/\/www.stefan-kern.com\/\">Stefan Kern<\/a>, der weltweit als Produzent Erfolge feiert, hat Michael Kai Stefan seinen ganz anderen Sound gepr\u00e4gt.<\/p>\n\n\n\n<p>Mit Engel aus der Winternacht komponiert von Martin Stephan, setzt Schlagerf\u00fcrst ein musikalisches Statement mit G\u00e4nsehaut Garantie.  <\/p>\n\n\n\n<p class=\"has-heading-font-family has-x-large-font-size\" style=\"line-height:1.2\"><\/p>\n\n\n\n<div class=\"wp-block-group has-global-padding is-content-justification-left is-layout-constrained wp-container-core-group-is-layout-9fe8ed88 wp-block-group-is-layout-constrained\">\n<p class=\"wp-container-content-0733e5d0\"><\/p>\n<\/div>\n<\/div>\n<\/div>\n\n\n\n<div class=\"wp-block-column is-vertically-aligned-center is-layout-flow wp-block-column-is-layout-flow\" style=\"flex-basis:50%\">\n<figure class=\"wp-block-image size-large is-style-rounded is-style-rounded--1\"><img loading=\"lazy\" decoding=\"async\" width=\"1024\" height=\"765\" src=\"https:\/\/www.xn--schlagerfrst-llb.de\/wp-content\/uploads\/2025\/12\/1s-1024x765.jpg\" alt=\"\" class=\"wp-image-9\" style=\"aspect-ratio:3\/4;object-fit:cover\" srcset=\"https:\/\/www.xn--schlagerfrst-llb.de\/wp-content\/uploads\/2025\/12\/1s-1024x765.jpg 1024w, https:\/\/www.xn--schlagerfrst-llb.de\/wp-content\/uploads\/2025\/12\/1s-300x224.jpg 300w, https:\/\/www.xn--schlagerfrst-llb.de\/wp-content\/uploads\/2025\/12\/1s-768x573.jpg 768w, https:\/\/www.xn--schlagerfrst-llb.de\/wp-content\/uploads\/2025\/12\/1s-1536x1147.jpg 1536w, https:\/\/www.xn--schlagerfrst-llb.de\/wp-content\/uploads\/2025\/12\/1s-2048x1529.jpg 2048w\" sizes=\"auto, (max-width: 1024px) 100vw, 1024px\" \/><\/figure>\n<\/div>\n<\/div>\n<\/div>\n\n\n\n<p><\/p>\n","protected":false},"excerpt":{"rendered":"<p>Schlagerf\u00fcrst, die Stimme die Herzen bewegt. Geboren in den goldenen 80ern, in Filderstadt wurde Schlagerf\u00fcrst, B\u00fcrgerlich Michael Kern, dass Showbusiness buchst\u00e4blich&nbsp; in die Wiege gelegt. Als Sohn des renommierten Musikers Hans- J\u00fcrgen Kern der bereits mit legenden wie Roy Black, Roberto Blanco und Peter Maffey die B\u00fchnen rockte, war es nur eine frage der Zeit [&hellip;]<\/p>\n","protected":false},"author":1,"featured_media":0,"parent":0,"menu_order":0,"comment_status":"closed","ping_status":"closed","template":"","meta":{"om_disable_all_campaigns":false,"_monsterinsights_skip_tracking":false,"_monsterinsights_sitenote_active":false,"_monsterinsights_sitenote_note":"","_monsterinsights_sitenote_category":0,"footnotes":""},"class_list":["post-59","page","type-page","status-publish","hentry"],"aioseo_notices":[],"yoast_head":"<!-- This site is optimized with the Yoast SEO plugin v27.0 - https:\/\/yoast.com\/product\/yoast-seo-wordpress\/ -->\n<title>Biographie - Schlagerf\u00fcrst<\/title>\n<meta name=\"robots\" content=\"index, follow, max-snippet:-1, max-image-preview:large, max-video-preview:-1\" \/>\n<link rel=\"canonical\" href=\"https:\/\/www.xn--schlagerfrst-llb.de\/index.php\/59-2\/\" \/>\n<meta property=\"og:locale\" content=\"de_DE\" \/>\n<meta property=\"og:type\" content=\"article\" \/>\n<meta property=\"og:title\" content=\"Biographie - Schlagerf\u00fcrst\" \/>\n<meta property=\"og:description\" content=\"Schlagerf\u00fcrst, die Stimme die Herzen bewegt. Geboren in den goldenen 80ern, in Filderstadt wurde Schlagerf\u00fcrst, B\u00fcrgerlich Michael Kern, dass Showbusiness buchst\u00e4blich&nbsp; in die Wiege gelegt. Als Sohn des renommierten Musikers Hans- J\u00fcrgen Kern der bereits mit legenden wie Roy Black, Roberto Blanco und Peter Maffey die B\u00fchnen rockte, war es nur eine frage der Zeit [&hellip;]\" \/>\n<meta property=\"og:url\" content=\"https:\/\/www.xn--schlagerfrst-llb.de\/index.php\/59-2\/\" \/>\n<meta property=\"og:site_name\" content=\"Schlagerf\u00fcrst\" \/>\n<meta property=\"article:publisher\" content=\"https:\/\/www.facebook.com\/p\/Schlagerfrst-61579262845099\/\" \/>\n<meta property=\"article:modified_time\" content=\"2026-01-04T15:53:22+00:00\" \/>\n<meta property=\"og:image\" content=\"https:\/\/www.xn--schlagerfrst-llb.de\/wp-content\/uploads\/2025\/12\/1s-scaled.jpg\" \/>\n\t<meta property=\"og:image:width\" content=\"2560\" \/>\n\t<meta property=\"og:image:height\" content=\"1911\" \/>\n\t<meta property=\"og:image:type\" content=\"image\/jpeg\" \/>\n<meta name=\"twitter:card\" content=\"summary_large_image\" \/>\n<meta name=\"twitter:label1\" content=\"Gesch\u00e4tzte Lesezeit\" \/>\n\t<meta name=\"twitter:data1\" content=\"2\u00a0Minuten\" \/>\n<script type=\"application\/ld+json\" class=\"yoast-schema-graph\">{\"@context\":\"https:\/\/schema.org\",\"@graph\":[{\"@type\":\"WebPage\",\"@id\":\"https:\/\/www.xn--schlagerfrst-llb.de\/index.php\/59-2\/\",\"url\":\"https:\/\/www.xn--schlagerfrst-llb.de\/index.php\/59-2\/\",\"name\":\"Biographie - Schlagerf\u00fcrst\",\"isPartOf\":{\"@id\":\"https:\/\/www.xn--schlagerfrst-llb.de\/#website\"},\"primaryImageOfPage\":{\"@id\":\"https:\/\/www.xn--schlagerfrst-llb.de\/index.php\/59-2\/#primaryimage\"},\"image\":{\"@id\":\"https:\/\/www.xn--schlagerfrst-llb.de\/index.php\/59-2\/#primaryimage\"},\"thumbnailUrl\":\"https:\/\/www.xn--schlagerfrst-llb.de\/wp-content\/uploads\/2025\/12\/1s-1024x765.jpg\",\"datePublished\":\"2025-12-29T15:54:07+00:00\",\"dateModified\":\"2026-01-04T15:53:22+00:00\",\"breadcrumb\":{\"@id\":\"https:\/\/www.xn--schlagerfrst-llb.de\/index.php\/59-2\/#breadcrumb\"},\"inLanguage\":\"de\",\"potentialAction\":[{\"@type\":\"ReadAction\",\"target\":[\"https:\/\/www.xn--schlagerfrst-llb.de\/index.php\/59-2\/\"]}]},{\"@type\":\"ImageObject\",\"inLanguage\":\"de\",\"@id\":\"https:\/\/www.xn--schlagerfrst-llb.de\/index.php\/59-2\/#primaryimage\",\"url\":\"https:\/\/www.xn--schlagerfrst-llb.de\/wp-content\/uploads\/2025\/12\/1s-scaled.jpg\",\"contentUrl\":\"https:\/\/www.xn--schlagerfrst-llb.de\/wp-content\/uploads\/2025\/12\/1s-scaled.jpg\",\"width\":2560,\"height\":1911},{\"@type\":\"BreadcrumbList\",\"@id\":\"https:\/\/www.xn--schlagerfrst-llb.de\/index.php\/59-2\/#breadcrumb\",\"itemListElement\":[{\"@type\":\"ListItem\",\"position\":1,\"name\":\"Start\",\"item\":\"https:\/\/www.xn--schlagerfrst-llb.de\/\"},{\"@type\":\"ListItem\",\"position\":2,\"name\":\"Biographie\"}]},{\"@type\":\"WebSite\",\"@id\":\"https:\/\/www.xn--schlagerfrst-llb.de\/#website\",\"url\":\"https:\/\/www.xn--schlagerfrst-llb.de\/\",\"name\":\"Schlagerf\u00fcrst\",\"description\":\"\",\"publisher\":{\"@id\":\"https:\/\/www.xn--schlagerfrst-llb.de\/#organization\"},\"potentialAction\":[{\"@type\":\"SearchAction\",\"target\":{\"@type\":\"EntryPoint\",\"urlTemplate\":\"https:\/\/www.xn--schlagerfrst-llb.de\/?s={search_term_string}\"},\"query-input\":{\"@type\":\"PropertyValueSpecification\",\"valueRequired\":true,\"valueName\":\"search_term_string\"}}],\"inLanguage\":\"de\"},{\"@type\":\"Organization\",\"@id\":\"https:\/\/www.xn--schlagerfrst-llb.de\/#organization\",\"name\":\"Schlagerf\u00fcrst\",\"url\":\"https:\/\/www.xn--schlagerfrst-llb.de\/\",\"logo\":{\"@type\":\"ImageObject\",\"inLanguage\":\"de\",\"@id\":\"https:\/\/www.xn--schlagerfrst-llb.de\/#\/schema\/logo\/image\/\",\"url\":\"https:\/\/www.xn--schlagerfrst-llb.de\/wp-content\/uploads\/2025\/12\/1s-scaled.jpg\",\"contentUrl\":\"https:\/\/www.xn--schlagerfrst-llb.de\/wp-content\/uploads\/2025\/12\/1s-scaled.jpg\",\"width\":2560,\"height\":1911,\"caption\":\"Schlagerf\u00fcrst\"},\"image\":{\"@id\":\"https:\/\/www.xn--schlagerfrst-llb.de\/#\/schema\/logo\/image\/\"},\"sameAs\":[\"https:\/\/www.facebook.com\/p\/Schlagerfrst-61579262845099\/\",\"https:\/\/www.instagram.com\/schlagerfuerst\"]}]}<\/script>\n<!-- \/ Yoast SEO plugin. -->","yoast_head_json":{"title":"Biographie - Schlagerf\u00fcrst","robots":{"index":"index","follow":"follow","max-snippet":"max-snippet:-1","max-image-preview":"max-image-preview:large","max-video-preview":"max-video-preview:-1"},"canonical":"https:\/\/www.xn--schlagerfrst-llb.de\/index.php\/59-2\/","og_locale":"de_DE","og_type":"article","og_title":"Biographie - Schlagerf\u00fcrst","og_description":"Schlagerf\u00fcrst, die Stimme die Herzen bewegt. Geboren in den goldenen 80ern, in Filderstadt wurde Schlagerf\u00fcrst, B\u00fcrgerlich Michael Kern, dass Showbusiness buchst\u00e4blich&nbsp; in die Wiege gelegt. Als Sohn des renommierten Musikers Hans- J\u00fcrgen Kern der bereits mit legenden wie Roy Black, Roberto Blanco und Peter Maffey die B\u00fchnen rockte, war es nur eine frage der Zeit [&hellip;]","og_url":"https:\/\/www.xn--schlagerfrst-llb.de\/index.php\/59-2\/","og_site_name":"Schlagerf\u00fcrst","article_publisher":"https:\/\/www.facebook.com\/p\/Schlagerfrst-61579262845099\/","article_modified_time":"2026-01-04T15:53:22+00:00","og_image":[{"width":2560,"height":1911,"url":"https:\/\/www.xn--schlagerfrst-llb.de\/wp-content\/uploads\/2025\/12\/1s-scaled.jpg","type":"image\/jpeg"}],"twitter_card":"summary_large_image","twitter_misc":{"Gesch\u00e4tzte Lesezeit":"2\u00a0Minuten"},"schema":{"@context":"https:\/\/schema.org","@graph":[{"@type":"WebPage","@id":"https:\/\/www.xn--schlagerfrst-llb.de\/index.php\/59-2\/","url":"https:\/\/www.xn--schlagerfrst-llb.de\/index.php\/59-2\/","name":"Biographie - Schlagerf\u00fcrst","isPartOf":{"@id":"https:\/\/www.xn--schlagerfrst-llb.de\/#website"},"primaryImageOfPage":{"@id":"https:\/\/www.xn--schlagerfrst-llb.de\/index.php\/59-2\/#primaryimage"},"image":{"@id":"https:\/\/www.xn--schlagerfrst-llb.de\/index.php\/59-2\/#primaryimage"},"thumbnailUrl":"https:\/\/www.xn--schlagerfrst-llb.de\/wp-content\/uploads\/2025\/12\/1s-1024x765.jpg","datePublished":"2025-12-29T15:54:07+00:00","dateModified":"2026-01-04T15:53:22+00:00","breadcrumb":{"@id":"https:\/\/www.xn--schlagerfrst-llb.de\/index.php\/59-2\/#breadcrumb"},"inLanguage":"de","potentialAction":[{"@type":"ReadAction","target":["https:\/\/www.xn--schlagerfrst-llb.de\/index.php\/59-2\/"]}]},{"@type":"ImageObject","inLanguage":"de","@id":"https:\/\/www.xn--schlagerfrst-llb.de\/index.php\/59-2\/#primaryimage","url":"https:\/\/www.xn--schlagerfrst-llb.de\/wp-content\/uploads\/2025\/12\/1s-scaled.jpg","contentUrl":"https:\/\/www.xn--schlagerfrst-llb.de\/wp-content\/uploads\/2025\/12\/1s-scaled.jpg","width":2560,"height":1911},{"@type":"BreadcrumbList","@id":"https:\/\/www.xn--schlagerfrst-llb.de\/index.php\/59-2\/#breadcrumb","itemListElement":[{"@type":"ListItem","position":1,"name":"Start","item":"https:\/\/www.xn--schlagerfrst-llb.de\/"},{"@type":"ListItem","position":2,"name":"Biographie"}]},{"@type":"WebSite","@id":"https:\/\/www.xn--schlagerfrst-llb.de\/#website","url":"https:\/\/www.xn--schlagerfrst-llb.de\/","name":"Schlagerf\u00fcrst","description":"","publisher":{"@id":"https:\/\/www.xn--schlagerfrst-llb.de\/#organization"},"potentialAction":[{"@type":"SearchAction","target":{"@type":"EntryPoint","urlTemplate":"https:\/\/www.xn--schlagerfrst-llb.de\/?s={search_term_string}"},"query-input":{"@type":"PropertyValueSpecification","valueRequired":true,"valueName":"search_term_string"}}],"inLanguage":"de"},{"@type":"Organization","@id":"https:\/\/www.xn--schlagerfrst-llb.de\/#organization","name":"Schlagerf\u00fcrst","url":"https:\/\/www.xn--schlagerfrst-llb.de\/","logo":{"@type":"ImageObject","inLanguage":"de","@id":"https:\/\/www.xn--schlagerfrst-llb.de\/#\/schema\/logo\/image\/","url":"https:\/\/www.xn--schlagerfrst-llb.de\/wp-content\/uploads\/2025\/12\/1s-scaled.jpg","contentUrl":"https:\/\/www.xn--schlagerfrst-llb.de\/wp-content\/uploads\/2025\/12\/1s-scaled.jpg","width":2560,"height":1911,"caption":"Schlagerf\u00fcrst"},"image":{"@id":"https:\/\/www.xn--schlagerfrst-llb.de\/#\/schema\/logo\/image\/"},"sameAs":["https:\/\/www.facebook.com\/p\/Schlagerfrst-61579262845099\/","https:\/\/www.instagram.com\/schlagerfuerst"]}]}},"_links":{"self":[{"href":"https:\/\/www.xn--schlagerfrst-llb.de\/index.php\/wp-json\/wp\/v2\/pages\/59","targetHints":{"allow":["GET"]}}],"collection":[{"href":"https:\/\/www.xn--schlagerfrst-llb.de\/index.php\/wp-json\/wp\/v2\/pages"}],"about":[{"href":"https:\/\/www.xn--schlagerfrst-llb.de\/index.php\/wp-json\/wp\/v2\/types\/page"}],"author":[{"embeddable":true,"href":"https:\/\/www.xn--schlagerfrst-llb.de\/index.php\/wp-json\/wp\/v2\/users\/1"}],"replies":[{"embeddable":true,"href":"https:\/\/www.xn--schlagerfrst-llb.de\/index.php\/wp-json\/wp\/v2\/comments?post=59"}],"version-history":[{"count":5,"href":"https:\/\/www.xn--schlagerfrst-llb.de\/index.php\/wp-json\/wp\/v2\/pages\/59\/revisions"}],"predecessor-version":[{"id":113,"href":"https:\/\/www.xn--schlagerfrst-llb.de\/index.php\/wp-json\/wp\/v2\/pages\/59\/revisions\/113"}],"wp:attachment":[{"href":"https:\/\/www.xn--schlagerfrst-llb.de\/index.php\/wp-json\/wp\/v2\/media?parent=59"}],"curies":[{"name":"wp","href":"https:\/\/api.w.org\/{rel}","templated":true}]}}