{"id":83,"date":"2025-12-29T16:42:55","date_gmt":"2025-12-29T16:42:55","guid":{"rendered":"https:\/\/www.xn--schlagerfrst-llb.de\/?page_id=83"},"modified":"2025-12-29T16:48:29","modified_gmt":"2025-12-29T16:48:29","slug":"impressum-datenschutz","status":"publish","type":"page","link":"https:\/\/www.xn--schlagerfrst-llb.de\/index.php\/impressum-datenschutz\/","title":{"rendered":"Impressum &#038; Datenschutz"},"content":{"rendered":"\n<div class=\"wp-block-group alignfull has-accent-background-color has-background has-global-padding is-layout-constrained wp-container-core-group-is-layout-669513ed wp-block-group-is-layout-constrained\" style=\"margin-top:0;margin-bottom:0;padding-top:var(--wp--preset--spacing--50);padding-right:var(--wp--preset--spacing--50);padding-bottom:var(--wp--preset--spacing--50);padding-left:var(--wp--preset--spacing--50)\">\n<div class=\"wp-block-columns alignwide is-layout-flex wp-container-core-columns-is-layout-1da03c2a wp-block-columns-is-layout-flex\">\n<div class=\"wp-block-column is-vertically-aligned-stretch is-layout-flow wp-block-column-is-layout-flow\" style=\"flex-basis:50%\">\n<div class=\"wp-block-media-text is-stacked-on-mobile is-vertically-aligned-center\" style=\"grid-template-columns:15% auto\"><figure class=\"wp-block-media-text__media\"><\/figure><div class=\"wp-block-media-text__content\">\n<p><strong>IMPRESSUM<\/strong><\/p>\n\n\n\n<p><strong>Angaben gem\u00e4\u00df \u00a7 5 TMG<\/strong><\/p>\n\n\n\n<p>Michael Kai Stefan Kern<br><strong>K\u00fcnstlername:<\/strong> Schlagerf\u00fcrst<br>Unnaerstra\u00dfe 30<br>44145 Dortmund<br>Deutschland<\/p>\n\n\n\n<p><strong>Kontakt:<\/strong><br>Telefon: +49 176 60509641<br>E-Mail: schlagerfuerst@gmail.com<\/p>\n\n\n\n<hr class=\"wp-block-separator has-alpha-channel-opacity\"\/>\n\n\n\n<h3 class=\"wp-block-heading\"><strong>Angaben zur Berufshaftpflichtversicherung<\/strong><\/h3>\n\n\n\n<p>Name und Sitz des Versicherers:<br>BavariaDirekt Versicherung AG<br>Ein Unternehmen der Sparkassen-Finanzgruppe<br>Am Karlsbad 4\u20135<br>10785 Berlin<\/p>\n\n\n\n<p><strong>Geltungsraum der Versicherung:<\/strong><br>Deutschland<\/p>\n\n\n\n<hr class=\"wp-block-separator has-alpha-channel-opacity\"\/>\n\n\n\n<h3 class=\"wp-block-heading\"><strong>Haftung f\u00fcr Inhalte<\/strong><\/h3>\n\n\n\n<p>Als Diensteanbieter bin ich gem\u00e4\u00df \u00a7 7 Abs.1 TMG f\u00fcr eigene Inhalte auf diesen Seiten nach den allgemeinen Gesetzen verantwortlich. Nach \u00a7\u00a7 8 bis 10 TMG bin ich jedoch nicht verpflichtet, \u00fcbermittelte oder gespeicherte fremde Informationen zu \u00fcberwachen oder nach Umst\u00e4nden zu forschen, die auf eine rechtswidrige T\u00e4tigkeit hinweisen.<\/p>\n\n\n\n<hr class=\"wp-block-separator has-alpha-channel-opacity\"\/>\n\n\n\n<h3 class=\"wp-block-heading\"><strong>Haftung f\u00fcr Links<\/strong><\/h3>\n\n\n\n<p>Diese Website enth\u00e4lt ggf. Links zu externen Websites Dritter, auf deren Inhalte ich keinen Einfluss habe. F\u00fcr diese fremden Inhalte wird daher keine Gew\u00e4hr \u00fcbernommen.<\/p>\n\n\n\n<hr class=\"wp-block-separator has-alpha-channel-opacity\"\/>\n\n\n\n<h3 class=\"wp-block-heading\"><strong>Urheberrecht<\/strong><\/h3>\n\n\n\n<p>Die durch den Seitenbetreiber erstellten Inhalte und Werke auf diesen Seiten unterliegen dem deutschen Urheberrecht.<\/p>\n\n\n\n<hr class=\"wp-block-separator has-alpha-channel-opacity\"\/>\n\n\n\n<hr class=\"wp-block-separator has-alpha-channel-opacity\"\/>\n\n\n\n<h2 class=\"wp-block-heading\"><strong>DATENSCHUTZERKL\u00c4RUNG<\/strong><\/h2>\n\n\n\n<h3 class=\"wp-block-heading\"><strong>1. Datenschutz auf einen Blick<\/strong><\/h3>\n\n\n\n<p>Der Schutz deiner pers\u00f6nlichen Daten ist mir wichtig. Personenbezogene Daten werden auf dieser Website nur im technisch notwendigen Umfang erhoben.<\/p>\n\n\n\n<hr class=\"wp-block-separator has-alpha-channel-opacity\"\/>\n\n\n\n<h3 class=\"wp-block-heading\"><strong>2. Verantwortlicher<\/strong><\/h3>\n\n\n\n<p>Verantwortlich f\u00fcr die Datenverarbeitung auf dieser Website ist:<\/p>\n\n\n\n<p>Michael Kai Stefan Kern<br>Schlagerf\u00fcrst<br>Unnaerstra\u00dfe 30<br>44145 Dortmund<\/p>\n\n\n\n<p>Telefon: +49 176 60509641<br>E-Mail: schlagerfuerst@gmail.com<\/p>\n\n\n\n<hr class=\"wp-block-separator has-alpha-channel-opacity\"\/>\n\n\n\n<h3 class=\"wp-block-heading\"><strong>3. Erhebung und Speicherung personenbezogener Daten<\/strong><\/h3>\n\n\n\n<p>Beim Besuch dieser Website werden automatisch Informationen durch den Server erfasst (z. B. Browsertyp, Betriebssystem, Uhrzeit des Zugriffs). Diese Daten sind technisch notwendig und lassen keine direkten R\u00fcckschl\u00fcsse auf deine Person zu.<\/p>\n\n\n\n<hr class=\"wp-block-separator has-alpha-channel-opacity\"\/>\n\n\n\n<h3 class=\"wp-block-heading\"><strong>4. Kontaktaufnahme<\/strong><\/h3>\n\n\n\n<p>Wenn du mich per E-Mail oder Telefon kontaktierst, werden deine Angaben zwecks Bearbeitung der Anfrage gespeichert. Diese Daten gebe ich nicht ohne deine Einwilligung weiter.<\/p>\n\n\n\n<hr class=\"wp-block-separator has-alpha-channel-opacity\"\/>\n\n\n\n<h3 class=\"wp-block-heading\"><strong>5. Cookies<\/strong><\/h3>\n\n\n\n<p>Diese Website kann Cookies verwenden. Cookies richten auf deinem Endger\u00e4t keinen Schaden an und enthalten keine Viren. Du kannst deinen Browser so einstellen, dass du \u00fcber das Setzen von Cookies informiert wirst oder diese vollst\u00e4ndig deaktivierst.<\/p>\n\n\n\n<hr class=\"wp-block-separator has-alpha-channel-opacity\"\/>\n\n\n\n<h3 class=\"wp-block-heading\"><strong>6. Rechte der betroffenen Person<\/strong><\/h3>\n\n\n\n<p>Du hast jederzeit das Recht auf:<\/p>\n\n\n\n<ul class=\"wp-block-list\">\n<li>Auskunft \u00fcber deine gespeicherten Daten<\/li>\n\n\n\n<li>Berichtigung oder L\u00f6schung<\/li>\n\n\n\n<li>Einschr\u00e4nkung der Verarbeitung<\/li>\n\n\n\n<li>Widerspruch gegen die Verarbeitung<\/li>\n\n\n\n<li>Daten\u00fcbertragbarkeit<\/li>\n<\/ul>\n\n\n\n<p>Hierzu gen\u00fcgt eine formlose E-Mail an: <strong>schlagerfuerst@gmail.com<\/strong><\/p>\n\n\n\n<hr class=\"wp-block-separator has-alpha-channel-opacity\"\/>\n\n\n\n<h3 class=\"wp-block-heading\"><strong>7. Beschwerderecht<\/strong><\/h3>\n\n\n\n<p>Du hast das Recht, dich bei der zust\u00e4ndigen Datenschutzaufsichtsbeh\u00f6rde zu beschweren.<\/p>\n\n\n\n<hr class=\"wp-block-separator has-alpha-channel-opacity\"\/>\n\n\n\n<h3 class=\"wp-block-heading\"><strong>8. SSL- bzw. TLS-Verschl\u00fcsselung<\/strong><\/h3>\n\n\n\n<p>Diese Seite nutzt aus Sicherheitsgr\u00fcnden eine SSL- bzw. TLS-Verschl\u00fcsselung.<\/p>\n\n\n\n<hr class=\"wp-block-separator has-alpha-channel-opacity\"\/>\n\n\n\n<h3 class=\"wp-block-heading\"><strong>9. Aktualit\u00e4t<\/strong><\/h3>\n\n\n\n<p class=\"has-small-font-size\">Diese Datenschutzerkl\u00e4rung ist aktuell g\u00fcltig und hat den Stand <strong>Dezember 2025<\/strong>.<\/p>\n<\/div><\/div>\n<\/div>\n\n\n\n<div class=\"wp-block-column is-vertically-aligned-center is-layout-flow wp-block-column-is-layout-flow\" style=\"flex-basis:50%\"><\/div>\n<\/div>\n<\/div>\n","protected":false},"excerpt":{"rendered":"<p>IMPRESSUM Angaben gem\u00e4\u00df \u00a7 5 TMG Michael Kai Stefan KernK\u00fcnstlername: Schlagerf\u00fcrstUnnaerstra\u00dfe 3044145 DortmundDeutschland Kontakt:Telefon: +49 176 60509641E-Mail: schlagerfuerst@gmail.com Angaben zur Berufshaftpflichtversicherung Name und Sitz des Versicherers:BavariaDirekt Versicherung AGEin Unternehmen der Sparkassen-FinanzgruppeAm Karlsbad 4\u2013510785 Berlin Geltungsraum der Versicherung:Deutschland Haftung f\u00fcr Inhalte Als Diensteanbieter bin ich gem\u00e4\u00df \u00a7 7 Abs.1 TMG f\u00fcr eigene Inhalte auf diesen Seiten [&hellip;]<\/p>\n","protected":false},"author":1,"featured_media":0,"parent":0,"menu_order":5,"comment_status":"closed","ping_status":"closed","template":"","meta":{"om_disable_all_campaigns":false,"_monsterinsights_skip_tracking":false,"_monsterinsights_sitenote_active":false,"_monsterinsights_sitenote_note":"","_monsterinsights_sitenote_category":0,"footnotes":""},"class_list":["post-83","page","type-page","status-publish","hentry"],"aioseo_notices":[],"yoast_head":"<!-- This site is optimized with the Yoast SEO plugin v27.0 - https:\/\/yoast.com\/product\/yoast-seo-wordpress\/ -->\n<title>Impressum &amp; Datenschutz - Schlagerf\u00fcrst<\/title>\n<meta name=\"robots\" content=\"index, follow, max-snippet:-1, max-image-preview:large, max-video-preview:-1\" \/>\n<link rel=\"canonical\" href=\"https:\/\/www.xn--schlagerfrst-llb.de\/index.php\/impressum-datenschutz\/\" \/>\n<meta property=\"og:locale\" content=\"de_DE\" \/>\n<meta property=\"og:type\" content=\"article\" \/>\n<meta property=\"og:title\" content=\"Impressum &amp; Datenschutz - Schlagerf\u00fcrst\" \/>\n<meta property=\"og:description\" content=\"IMPRESSUM Angaben gem\u00e4\u00df \u00a7 5 TMG Michael Kai Stefan KernK\u00fcnstlername: Schlagerf\u00fcrstUnnaerstra\u00dfe 3044145 DortmundDeutschland Kontakt:Telefon: +49 176 60509641E-Mail: schlagerfuerst@gmail.com Angaben zur Berufshaftpflichtversicherung Name und Sitz des Versicherers:BavariaDirekt Versicherung AGEin Unternehmen der Sparkassen-FinanzgruppeAm Karlsbad 4\u2013510785 Berlin Geltungsraum der Versicherung:Deutschland Haftung f\u00fcr Inhalte Als Diensteanbieter bin ich gem\u00e4\u00df \u00a7 7 Abs.1 TMG f\u00fcr eigene Inhalte auf diesen Seiten [&hellip;]\" \/>\n<meta property=\"og:url\" content=\"https:\/\/www.xn--schlagerfrst-llb.de\/index.php\/impressum-datenschutz\/\" \/>\n<meta property=\"og:site_name\" content=\"Schlagerf\u00fcrst\" \/>\n<meta property=\"article:publisher\" content=\"https:\/\/www.facebook.com\/p\/Schlagerfrst-61579262845099\/\" \/>\n<meta property=\"article:modified_time\" content=\"2025-12-29T16:48:29+00:00\" \/>\n<meta name=\"twitter:card\" content=\"summary_large_image\" \/>\n<meta name=\"twitter:label1\" content=\"Gesch\u00e4tzte Lesezeit\" \/>\n\t<meta name=\"twitter:data1\" content=\"3\u00a0Minuten\" \/>\n<script type=\"application\/ld+json\" class=\"yoast-schema-graph\">{\"@context\":\"https:\/\/schema.org\",\"@graph\":[{\"@type\":\"WebPage\",\"@id\":\"https:\/\/www.xn--schlagerfrst-llb.de\/index.php\/impressum-datenschutz\/\",\"url\":\"https:\/\/www.xn--schlagerfrst-llb.de\/index.php\/impressum-datenschutz\/\",\"name\":\"Impressum & Datenschutz - Schlagerf\u00fcrst\",\"isPartOf\":{\"@id\":\"https:\/\/www.xn--schlagerfrst-llb.de\/#website\"},\"datePublished\":\"2025-12-29T16:42:55+00:00\",\"dateModified\":\"2025-12-29T16:48:29+00:00\",\"breadcrumb\":{\"@id\":\"https:\/\/www.xn--schlagerfrst-llb.de\/index.php\/impressum-datenschutz\/#breadcrumb\"},\"inLanguage\":\"de\",\"potentialAction\":[{\"@type\":\"ReadAction\",\"target\":[\"https:\/\/www.xn--schlagerfrst-llb.de\/index.php\/impressum-datenschutz\/\"]}]},{\"@type\":\"BreadcrumbList\",\"@id\":\"https:\/\/www.xn--schlagerfrst-llb.de\/index.php\/impressum-datenschutz\/#breadcrumb\",\"itemListElement\":[{\"@type\":\"ListItem\",\"position\":1,\"name\":\"Start\",\"item\":\"https:\/\/www.xn--schlagerfrst-llb.de\/\"},{\"@type\":\"ListItem\",\"position\":2,\"name\":\"Impressum &#038; Datenschutz\"}]},{\"@type\":\"WebSite\",\"@id\":\"https:\/\/www.xn--schlagerfrst-llb.de\/#website\",\"url\":\"https:\/\/www.xn--schlagerfrst-llb.de\/\",\"name\":\"Schlagerf\u00fcrst\",\"description\":\"\",\"publisher\":{\"@id\":\"https:\/\/www.xn--schlagerfrst-llb.de\/#organization\"},\"potentialAction\":[{\"@type\":\"SearchAction\",\"target\":{\"@type\":\"EntryPoint\",\"urlTemplate\":\"https:\/\/www.xn--schlagerfrst-llb.de\/?s={search_term_string}\"},\"query-input\":{\"@type\":\"PropertyValueSpecification\",\"valueRequired\":true,\"valueName\":\"search_term_string\"}}],\"inLanguage\":\"de\"},{\"@type\":\"Organization\",\"@id\":\"https:\/\/www.xn--schlagerfrst-llb.de\/#organization\",\"name\":\"Schlagerf\u00fcrst\",\"url\":\"https:\/\/www.xn--schlagerfrst-llb.de\/\",\"logo\":{\"@type\":\"ImageObject\",\"inLanguage\":\"de\",\"@id\":\"https:\/\/www.xn--schlagerfrst-llb.de\/#\/schema\/logo\/image\/\",\"url\":\"https:\/\/www.xn--schlagerfrst-llb.de\/wp-content\/uploads\/2025\/12\/1s-scaled.jpg\",\"contentUrl\":\"https:\/\/www.xn--schlagerfrst-llb.de\/wp-content\/uploads\/2025\/12\/1s-scaled.jpg\",\"width\":2560,\"height\":1911,\"caption\":\"Schlagerf\u00fcrst\"},\"image\":{\"@id\":\"https:\/\/www.xn--schlagerfrst-llb.de\/#\/schema\/logo\/image\/\"},\"sameAs\":[\"https:\/\/www.facebook.com\/p\/Schlagerfrst-61579262845099\/\",\"https:\/\/www.instagram.com\/schlagerfuerst\"]}]}<\/script>\n<!-- \/ Yoast SEO plugin. -->","yoast_head_json":{"title":"Impressum & Datenschutz - Schlagerf\u00fcrst","robots":{"index":"index","follow":"follow","max-snippet":"max-snippet:-1","max-image-preview":"max-image-preview:large","max-video-preview":"max-video-preview:-1"},"canonical":"https:\/\/www.xn--schlagerfrst-llb.de\/index.php\/impressum-datenschutz\/","og_locale":"de_DE","og_type":"article","og_title":"Impressum & Datenschutz - Schlagerf\u00fcrst","og_description":"IMPRESSUM Angaben gem\u00e4\u00df \u00a7 5 TMG Michael Kai Stefan KernK\u00fcnstlername: Schlagerf\u00fcrstUnnaerstra\u00dfe 3044145 DortmundDeutschland Kontakt:Telefon: +49 176 60509641E-Mail: schlagerfuerst@gmail.com Angaben zur Berufshaftpflichtversicherung Name und Sitz des Versicherers:BavariaDirekt Versicherung AGEin Unternehmen der Sparkassen-FinanzgruppeAm Karlsbad 4\u2013510785 Berlin Geltungsraum der Versicherung:Deutschland Haftung f\u00fcr Inhalte Als Diensteanbieter bin ich gem\u00e4\u00df \u00a7 7 Abs.1 TMG f\u00fcr eigene Inhalte auf diesen Seiten [&hellip;]","og_url":"https:\/\/www.xn--schlagerfrst-llb.de\/index.php\/impressum-datenschutz\/","og_site_name":"Schlagerf\u00fcrst","article_publisher":"https:\/\/www.facebook.com\/p\/Schlagerfrst-61579262845099\/","article_modified_time":"2025-12-29T16:48:29+00:00","twitter_card":"summary_large_image","twitter_misc":{"Gesch\u00e4tzte Lesezeit":"3\u00a0Minuten"},"schema":{"@context":"https:\/\/schema.org","@graph":[{"@type":"WebPage","@id":"https:\/\/www.xn--schlagerfrst-llb.de\/index.php\/impressum-datenschutz\/","url":"https:\/\/www.xn--schlagerfrst-llb.de\/index.php\/impressum-datenschutz\/","name":"Impressum & Datenschutz - Schlagerf\u00fcrst","isPartOf":{"@id":"https:\/\/www.xn--schlagerfrst-llb.de\/#website"},"datePublished":"2025-12-29T16:42:55+00:00","dateModified":"2025-12-29T16:48:29+00:00","breadcrumb":{"@id":"https:\/\/www.xn--schlagerfrst-llb.de\/index.php\/impressum-datenschutz\/#breadcrumb"},"inLanguage":"de","potentialAction":[{"@type":"ReadAction","target":["https:\/\/www.xn--schlagerfrst-llb.de\/index.php\/impressum-datenschutz\/"]}]},{"@type":"BreadcrumbList","@id":"https:\/\/www.xn--schlagerfrst-llb.de\/index.php\/impressum-datenschutz\/#breadcrumb","itemListElement":[{"@type":"ListItem","position":1,"name":"Start","item":"https:\/\/www.xn--schlagerfrst-llb.de\/"},{"@type":"ListItem","position":2,"name":"Impressum &#038; Datenschutz"}]},{"@type":"WebSite","@id":"https:\/\/www.xn--schlagerfrst-llb.de\/#website","url":"https:\/\/www.xn--schlagerfrst-llb.de\/","name":"Schlagerf\u00fcrst","description":"","publisher":{"@id":"https:\/\/www.xn--schlagerfrst-llb.de\/#organization"},"potentialAction":[{"@type":"SearchAction","target":{"@type":"EntryPoint","urlTemplate":"https:\/\/www.xn--schlagerfrst-llb.de\/?s={search_term_string}"},"query-input":{"@type":"PropertyValueSpecification","valueRequired":true,"valueName":"search_term_string"}}],"inLanguage":"de"},{"@type":"Organization","@id":"https:\/\/www.xn--schlagerfrst-llb.de\/#organization","name":"Schlagerf\u00fcrst","url":"https:\/\/www.xn--schlagerfrst-llb.de\/","logo":{"@type":"ImageObject","inLanguage":"de","@id":"https:\/\/www.xn--schlagerfrst-llb.de\/#\/schema\/logo\/image\/","url":"https:\/\/www.xn--schlagerfrst-llb.de\/wp-content\/uploads\/2025\/12\/1s-scaled.jpg","contentUrl":"https:\/\/www.xn--schlagerfrst-llb.de\/wp-content\/uploads\/2025\/12\/1s-scaled.jpg","width":2560,"height":1911,"caption":"Schlagerf\u00fcrst"},"image":{"@id":"https:\/\/www.xn--schlagerfrst-llb.de\/#\/schema\/logo\/image\/"},"sameAs":["https:\/\/www.facebook.com\/p\/Schlagerfrst-61579262845099\/","https:\/\/www.instagram.com\/schlagerfuerst"]}]}},"_links":{"self":[{"href":"https:\/\/www.xn--schlagerfrst-llb.de\/index.php\/wp-json\/wp\/v2\/pages\/83","targetHints":{"allow":["GET"]}}],"collection":[{"href":"https:\/\/www.xn--schlagerfrst-llb.de\/index.php\/wp-json\/wp\/v2\/pages"}],"about":[{"href":"https:\/\/www.xn--schlagerfrst-llb.de\/index.php\/wp-json\/wp\/v2\/types\/page"}],"author":[{"embeddable":true,"href":"https:\/\/www.xn--schlagerfrst-llb.de\/index.php\/wp-json\/wp\/v2\/users\/1"}],"replies":[{"embeddable":true,"href":"https:\/\/www.xn--schlagerfrst-llb.de\/index.php\/wp-json\/wp\/v2\/comments?post=83"}],"version-history":[{"count":3,"href":"https:\/\/www.xn--schlagerfrst-llb.de\/index.php\/wp-json\/wp\/v2\/pages\/83\/revisions"}],"predecessor-version":[{"id":91,"href":"https:\/\/www.xn--schlagerfrst-llb.de\/index.php\/wp-json\/wp\/v2\/pages\/83\/revisions\/91"}],"wp:attachment":[{"href":"https:\/\/www.xn--schlagerfrst-llb.de\/index.php\/wp-json\/wp\/v2\/media?parent=83"}],"curies":[{"name":"wp","href":"https:\/\/api.w.org\/{rel}","templated":true}]}}